{"id":1888,"date":"2022-06-20T06:39:01","date_gmt":"2022-06-20T06:39:01","guid":{"rendered":"https:\/\/clientes.desarrolloespacios.com\/a2xig\/contact\/"},"modified":"2025-09-22T23:22:47","modified_gmt":"2025-09-22T23:22:47","slug":"contact","status":"publish","type":"page","link":"https:\/\/a2x.mx\/en\/contact\/","title":{"rendered":"Contact"},"content":{"rendered":"\t\t<div data-elementor-type=\"wp-page\" data-elementor-id=\"1888\" class=\"elementor elementor-1888 elementor-170\" data-elementor-post-type=\"page\">\n\t\t\t\t\t\t\t\t\t<section class=\"elementor-section elementor-top-section elementor-element elementor-element-1f418de elementor-section-boxed elementor-section-height-default elementor-section-height-default\" data-id=\"1f418de\" data-element_type=\"section\">\r\n\t\t\r\n\t\t\t\t\t\t\t<div class=\"elementor-container elementor-column-gap-default\">\r\n\t\t\t\t\t\t\t\t\t\t\t<div class=\"elementor-column elementor-col-100 elementor-top-column elementor-element elementor-element-2308465\" data-id=\"2308465\" data-element_type=\"column\">\r\n\t\t\t\t\t<div class=\"elementor-widget-wrap elementor-element-populated\">\r\n\t\t\t\t\t\t\t\t<div class=\"elementor-element elementor-element-6d8bdaa elementor-widget elementor-widget-shortcode\" data-id=\"6d8bdaa\" data-element_type=\"widget\" data-widget_type=\"shortcode.default\">\n\t\t\t\t<div class=\"elementor-widget-container\">\n\t\t\t\t\t<div class=\"elementor-shortcode\"><div id=\"cf7cstmzr-form\" class=\"cf7cstmzr-form-167d0ba cf7cstmzr-form\">\n<div class=\"wpcf7 no-js\" id=\"wpcf7-f1890-o1\" lang=\"en-US\" dir=\"ltr\">\n<div class=\"screen-reader-response\"><p role=\"status\" aria-live=\"polite\" aria-atomic=\"true\"><\/p> <ul><\/ul><\/div>\n<form action=\"\/en\/wp-json\/wp\/v2\/pages\/1888#wpcf7-f1890-o1\" method=\"post\" class=\"wpcf7-form init\" aria-label=\"Contact form\" novalidate=\"novalidate\" data-status=\"init\">\n<div style=\"display: none;\">\n<input type=\"hidden\" name=\"_wpcf7\" value=\"1890\" \/>\n<input type=\"hidden\" name=\"_wpcf7_version\" value=\"5.8.6\" \/>\n<input type=\"hidden\" name=\"_wpcf7_locale\" value=\"en_US\" \/>\n<input type=\"hidden\" name=\"_wpcf7_unit_tag\" value=\"wpcf7-f1890-o1\" \/>\n<input type=\"hidden\" name=\"_wpcf7_container_post\" value=\"0\" \/>\n<input type=\"hidden\" name=\"_wpcf7_posted_data_hash\" value=\"\" \/>\n<input type=\"hidden\" name=\"_wpcf7_recaptcha_response\" value=\"\" \/>\n<\/div>\n<div class=\"row\">\n\t<div class=\"col-md-6 mb-4\">\n\t\t<p><span class=\"wpcf7-form-control-wrap\" data-name=\"username\"><input size=\"40\" class=\"wpcf7-form-control wpcf7-text wpcf7-validates-as-required form-control\" aria-required=\"true\" aria-invalid=\"false\" placeholder=\"Name\" value=\"\" type=\"text\" name=\"username\" \/><\/span>\n\t\t<\/p>\n\t<\/div>\n\t<div class=\"col-md-6 mb-4\">\n\t\t<p><span class=\"wpcf7-form-control-wrap\" data-name=\"phonenumber\"><input size=\"40\" class=\"wpcf7-form-control wpcf7-text wpcf7-validates-as-required form-control\" aria-required=\"true\" aria-invalid=\"false\" placeholder=\"Phone Number\" value=\"\" type=\"text\" name=\"phonenumber\" \/><\/span>\n\t\t<\/p>\n\t<\/div>\n\t<div class=\"col-md-6 mb-4\">\n\t\t<p><span class=\"wpcf7-form-control-wrap\" data-name=\"email-721\"><input size=\"40\" class=\"wpcf7-form-control wpcf7-email wpcf7-validates-as-required wpcf7-text wpcf7-validates-as-email form-control\" aria-required=\"true\" aria-invalid=\"false\" placeholder=\"Email Address\" value=\"\" type=\"email\" name=\"email-721\" \/><\/span>\n\t\t<\/p>\n\t<\/div>\n\t<div class=\"col-md-6 mb-4\">\n\t\t<p><span class=\"wpcf7-form-control-wrap\" data-name=\"subject\"><input size=\"40\" class=\"wpcf7-form-control wpcf7-text wpcf7-validates-as-required form-control\" aria-required=\"true\" aria-invalid=\"false\" placeholder=\"Subject\" value=\"\" type=\"text\" name=\"subject\" \/><\/span>\n\t\t<\/p>\n\t<\/div>\n\t<div class=\"col-12\">\n\t\t<p><span class=\"wpcf7-form-control-wrap\" data-name=\"textarea-809\"><textarea cols=\"40\" rows=\"10\" class=\"wpcf7-form-control wpcf7-textarea wpcf7-validates-as-required form-control\" aria-required=\"true\" aria-invalid=\"false\" placeholder=\"Message\" name=\"textarea-809\"><\/textarea><\/span><button type=\"submit\" class=\"mt-4 btn btn-dark\">Send Message<\/button>\n\t\t<\/p>\n\t<\/div>\n<\/div><div class=\"wpcf7-response-output\" aria-hidden=\"true\"><\/div>\n<\/form>\n<\/div>\n<\/div><\/div>\n\t\t\t\t<\/div>\n\t\t\t\t<\/div>\n\t\t\t\t\t<\/div>\r\n\t\t\t\t<\/div>\r\n\t\t\t\t\t<\/div>\r\n\t\t\t\t<\/section>\r\n\t\t<div class=\"elementor-element elementor-element-d8879c5 e-flex e-con-boxed e-con e-parent\" data-id=\"d8879c5\" data-element_type=\"container\" data-settings=\"{&quot;content_width&quot;:&quot;boxed&quot;}\" data-core-v316-plus=\"true\">\n\t\t\t\t\t<div class=\"e-con-inner\">\n\t\t<div class=\"elementor-element elementor-element-99e2053 e-con-full e-flex e-con e-child\" data-id=\"99e2053\" data-element_type=\"container\" data-settings=\"{&quot;content_width&quot;:&quot;full&quot;}\">\n\t\t\t\t<div class=\"elementor-element elementor-element-d4a838b elementor-widget elementor-widget-text-editor\" data-id=\"d4a838b\" data-element_type=\"widget\" data-widget_type=\"text-editor.default\">\n\t\t\t\t<div class=\"elementor-widget-container\">\n\t\t\t<style>\/*! elementor - v3.18.0 - 20-12-2023 *\/\n.elementor-widget-text-editor.elementor-drop-cap-view-stacked .elementor-drop-cap{background-color:#69727d;color:#fff}.elementor-widget-text-editor.elementor-drop-cap-view-framed .elementor-drop-cap{color:#69727d;border:3px solid;background-color:transparent}.elementor-widget-text-editor:not(.elementor-drop-cap-view-default) .elementor-drop-cap{margin-top:8px}.elementor-widget-text-editor:not(.elementor-drop-cap-view-default) .elementor-drop-cap-letter{width:1em;height:1em}.elementor-widget-text-editor .elementor-drop-cap{float:left;text-align:center;line-height:1;font-size:50px}.elementor-widget-text-editor .elementor-drop-cap-letter{display:inline-block}<\/style>\t\t\t\t<h1 style=\"font-size: 54px;\">LOCATIONS<\/h1>\n\t\t\t\t\t\t<\/div>\n\t\t\t\t<\/div>\n\t\t\t\t<\/div>\n\t\t\t\t\t<\/div>\n\t\t\t\t<\/div>\n\t\t<div class=\"elementor-element elementor-element-36ff2f8 e-flex e-con-boxed e-con e-parent\" data-id=\"36ff2f8\" data-element_type=\"container\" data-settings=\"{&quot;content_width&quot;:&quot;boxed&quot;}\" data-core-v316-plus=\"true\">\n\t\t\t\t\t<div class=\"e-con-inner\">\n\t\t<div class=\"elementor-element elementor-element-c2e5c0b e-con-full e-flex e-con e-child\" data-id=\"c2e5c0b\" data-element_type=\"container\" data-settings=\"{&quot;content_width&quot;:&quot;full&quot;}\">\n\t\t\t\t<div class=\"elementor-element elementor-element-137055d elementor-widget elementor-widget-text-editor\" data-id=\"137055d\" data-element_type=\"widget\" data-widget_type=\"text-editor.default\">\n\t\t\t\t<div class=\"elementor-widget-container\">\n\t\t\t\t\t\t\t<h1>PESQUER\u00cdA<\/h1>\n\t\t\t\t\t\t<\/div>\n\t\t\t\t<\/div>\n\t\t\t\t<div class=\"elementor-element elementor-element-da96a37 elementor-widget elementor-widget-text-editor\" data-id=\"da96a37\" data-element_type=\"widget\" data-widget_type=\"text-editor.default\">\n\t\t\t\t<div class=\"elementor-widget-container\">\n\t\t\t\t\t\t\t<p>Camino a la loma #1200, Col. Ladrillera, Pesquer\u00eda, Nuevo Le\u00f3n. C.P. 66650<\/p>\t\t\t\t\t\t<\/div>\n\t\t\t\t<\/div>\n\t\t\t\t<div class=\"elementor-element elementor-element-0c9aff8 elementor-widget elementor-widget-image\" data-id=\"0c9aff8\" data-element_type=\"widget\" data-widget_type=\"image.default\">\n\t\t\t\t<div class=\"elementor-widget-container\">\n\t\t\t<style>\/*! elementor - v3.18.0 - 20-12-2023 *\/\n.elementor-widget-image{text-align:center}.elementor-widget-image a{display:inline-block}.elementor-widget-image a img[src$=\".svg\"]{width:48px}.elementor-widget-image img{vertical-align:middle;display:inline-block}<\/style>\t\t\t\t\t\t\t\t\t\t\t\t\t<a href=\"https:\/\/maps.app.goo.gl\/LEfWSFXPrMEKhjos9\" target=\"_blank\">\n\t\t\t\t\t\t\t<img fetchpriority=\"high\" decoding=\"async\" width=\"505\" height=\"537\" src=\"https:\/\/a2x.mx\/wp-content\/uploads\/2025\/09\/pesqueria.jpg\" class=\"attachment-large size-large wp-image-2240\" alt=\"\" srcset=\"https:\/\/a2x.mx\/wp-content\/uploads\/2025\/09\/pesqueria.jpg 505w, https:\/\/a2x.mx\/wp-content\/uploads\/2025\/09\/pesqueria-400x425.jpg 400w, https:\/\/a2x.mx\/wp-content\/uploads\/2025\/09\/pesqueria-367x390.jpg 367w\" sizes=\"(max-width: 505px) 100vw, 505px\" \/>\t\t\t\t\t\t\t\t<\/a>\n\t\t\t\t\t\t\t\t\t\t\t\t\t\t\t<\/div>\n\t\t\t\t<\/div>\n\t\t\t\t<\/div>\n\t\t<div class=\"elementor-element elementor-element-08deb7b e-con-full e-flex e-con e-child\" data-id=\"08deb7b\" data-element_type=\"container\" data-settings=\"{&quot;content_width&quot;:&quot;full&quot;}\">\n\t\t\t\t<div class=\"elementor-element elementor-element-48fcb49 elementor-widget elementor-widget-text-editor\" data-id=\"48fcb49\" data-element_type=\"widget\" data-widget_type=\"text-editor.default\">\n\t\t\t\t<div class=\"elementor-widget-container\">\n\t\t\t\t\t\t\t<h1>NUEVO LAREDO<\/h1>\n\t\t\t\t\t\t<\/div>\n\t\t\t\t<\/div>\n\t\t\t\t<div class=\"elementor-element elementor-element-0422828 elementor-widget elementor-widget-text-editor\" data-id=\"0422828\" data-element_type=\"widget\" data-widget_type=\"text-editor.default\">\n\t\t\t\t<div class=\"elementor-widget-container\">\n\t\t\t\t\t\t\t<p>Libramiento Mex II, km #2, Col. Guerrero III,<br \/>Nuevo Laredo, Tamaulipas. C.P. 88176.<\/p>\n\t\t\t\t\t\t<\/div>\n\t\t\t\t<\/div>\n\t\t\t\t<div class=\"elementor-element elementor-element-2500c0d elementor-widget elementor-widget-image\" data-id=\"2500c0d\" data-element_type=\"widget\" data-widget_type=\"image.default\">\n\t\t\t\t<div class=\"elementor-widget-container\">\n\t\t\t\t\t\t\t\t\t\t\t\t\t\t\t\t<a href=\"https:\/\/maps.app.goo.gl\/13SHrrGUT7xAqqR87\" target=\"_blank\">\n\t\t\t\t\t\t\t<img decoding=\"async\" width=\"505\" height=\"537\" src=\"https:\/\/a2x.mx\/wp-content\/uploads\/2023\/10\/Image-Mask-7.jpg\" class=\"attachment-large size-large wp-image-944\" alt=\"\" srcset=\"https:\/\/a2x.mx\/wp-content\/uploads\/2023\/10\/Image-Mask-7.jpg 505w, https:\/\/a2x.mx\/wp-content\/uploads\/2023\/10\/Image-Mask-7-400x425.jpg 400w, https:\/\/a2x.mx\/wp-content\/uploads\/2023\/10\/Image-Mask-7-367x390.jpg 367w\" sizes=\"(max-width: 505px) 100vw, 505px\" \/>\t\t\t\t\t\t\t\t<\/a>\n\t\t\t\t\t\t\t\t\t\t\t\t\t\t\t<\/div>\n\t\t\t\t<\/div>\n\t\t\t\t<\/div>\n\t\t<div class=\"elementor-element elementor-element-b6de4b2 e-con-full e-flex e-con e-child\" data-id=\"b6de4b2\" data-element_type=\"container\" data-settings=\"{&quot;content_width&quot;:&quot;full&quot;}\">\n\t\t\t\t<div class=\"elementor-element elementor-element-4c7b0db elementor-widget elementor-widget-text-editor\" data-id=\"4c7b0db\" data-element_type=\"widget\" data-widget_type=\"text-editor.default\">\n\t\t\t\t<div class=\"elementor-widget-container\">\n\t\t\t\t\t\t\t<h1>ALTAMIRA<\/h1>\n\t\t\t\t\t\t<\/div>\n\t\t\t\t<\/div>\n\t\t\t\t<div class=\"elementor-element elementor-element-d923b84 elementor-widget elementor-widget-text-editor\" data-id=\"d923b84\" data-element_type=\"widget\" data-widget_type=\"text-editor.default\">\n\t\t\t\t<div class=\"elementor-widget-container\">\n\t\t\t\t\t\t\t<p>Calle C-1 #100, Fraccionamiento Fimex,<br \/>Altamira, Tamaulipas. C.P. 896003<\/p>\n\t\t\t\t\t\t<\/div>\n\t\t\t\t<\/div>\n\t\t\t\t<div class=\"elementor-element elementor-element-e5da9ce elementor-widget elementor-widget-image\" data-id=\"e5da9ce\" data-element_type=\"widget\" data-widget_type=\"image.default\">\n\t\t\t\t<div class=\"elementor-widget-container\">\n\t\t\t\t\t\t\t\t\t\t\t\t\t\t\t\t<a href=\"https:\/\/maps.app.goo.gl\/9N8PUNCjYEqoCkpo9\" target=\"_blank\">\n\t\t\t\t\t\t\t<img decoding=\"async\" width=\"505\" height=\"537\" src=\"https:\/\/a2x.mx\/wp-content\/uploads\/2023\/10\/Image-Mask-5.jpg\" class=\"attachment-large size-large wp-image-942\" alt=\"\" srcset=\"https:\/\/a2x.mx\/wp-content\/uploads\/2023\/10\/Image-Mask-5.jpg 505w, https:\/\/a2x.mx\/wp-content\/uploads\/2023\/10\/Image-Mask-5-400x425.jpg 400w, https:\/\/a2x.mx\/wp-content\/uploads\/2023\/10\/Image-Mask-5-367x390.jpg 367w\" sizes=\"(max-width: 505px) 100vw, 505px\" \/>\t\t\t\t\t\t\t\t<\/a>\n\t\t\t\t\t\t\t\t\t\t\t\t\t\t\t<\/div>\n\t\t\t\t<\/div>\n\t\t\t\t<\/div>\n\t\t\t\t\t<\/div>\n\t\t\t\t<\/div>\n\t\t\t\t<section class=\"elementor-section elementor-top-section elementor-element elementor-element-535c470d elementor-section-content-middle elementor-section-boxed elementor-section-height-default elementor-section-height-default\" data-id=\"535c470d\" data-element_type=\"section\" data-settings=\"{&quot;background_background&quot;:&quot;classic&quot;}\">\r\n\t\t\r\n\t\t\t\t\t\t\t<div class=\"elementor-container elementor-column-gap-no\">\r\n\t\t\t\t\t\t\t\t\t\t\t<div class=\"elementor-column elementor-col-50 elementor-top-column elementor-element elementor-element-219949f9\" data-id=\"219949f9\" data-element_type=\"column\">\r\n\t\t\t\t\t<div class=\"elementor-widget-wrap elementor-element-populated\">\r\n\t\t\t\t\t\t\t\t<div class=\"elementor-element elementor-element-4f867545 elementor-widget__width-initial elementor-widget elementor-widget-heading\" data-id=\"4f867545\" data-element_type=\"widget\" data-widget_type=\"heading.default\">\n\t\t\t\t<div class=\"elementor-widget-container\">\n\t\t\t<style>\/*! elementor - v3.18.0 - 20-12-2023 *\/\n.elementor-heading-title{padding:0;margin:0;line-height:1}.elementor-widget-heading .elementor-heading-title[class*=elementor-size-]>a{color:inherit;font-size:inherit;line-height:inherit}.elementor-widget-heading .elementor-heading-title.elementor-size-small{font-size:15px}.elementor-widget-heading .elementor-heading-title.elementor-size-medium{font-size:19px}.elementor-widget-heading .elementor-heading-title.elementor-size-large{font-size:29px}.elementor-widget-heading .elementor-heading-title.elementor-size-xl{font-size:39px}.elementor-widget-heading .elementor-heading-title.elementor-size-xxl{font-size:59px}<\/style><h4 class=\"elementor-heading-title elementor-size-default\">We solve your transportation\nproblems, request a quote.<\/h4>\t\t<\/div>\n\t\t\t\t<\/div>\n\t\t\t\t\t<\/div>\r\n\t\t\t\t<\/div>\r\n\t\t\t\t<div class=\"elementor-column elementor-col-50 elementor-top-column elementor-element elementor-element-20923ce2\" data-id=\"20923ce2\" data-element_type=\"column\">\r\n\t\t\t\t\t<div class=\"elementor-widget-wrap elementor-element-populated\">\r\n\t\t\t\t\t\t\t\t<div class=\"elementor-element elementor-element-5070eae9 elementor-widget__width-initial elementor-widget elementor-widget-porto_button\" data-id=\"5070eae9\" data-element_type=\"widget\" data-settings=\"{&quot;align&quot;:&quot;center&quot;,&quot;align_tablet&quot;:&quot;center&quot;}\" data-widget_type=\"porto_button.default\">\n\t\t\t\t<div class=\"elementor-widget-container\">\n\t\t\t<a aria-label=\"button\" class=\"btn btn-md btn-light\" href=\"#\"><span >Request a quote.<\/span><\/a>\t\t<\/div>\n\t\t\t\t<\/div>\n\t\t\t\t\t<\/div>\r\n\t\t\t\t<\/div>\r\n\t\t\t\t\t<\/div>\r\n\t\t\t\t<\/section>\r\n\t\t\t\t\t\t\t<\/div>\n\t\t","protected":false},"excerpt":{"rendered":"<p>LOCATIONS PESQUER\u00cdA Camino a la loma #1200, Col. Ladrillera, Pesquer\u00eda, Nuevo Le\u00f3n. C.P. 66650 NUEVO LAREDO Libramiento Mex II, km #2, Col. Guerrero III,Nuevo Laredo, Tamaulipas. C.P. 88176. ALTAMIRA Calle C-1 #100, Fraccionamiento Fimex,Altamira, Tamaulipas. C.P. 896003 We solve your transportation problems, request a quote. Request a quote.<\/p>\n","protected":false},"author":1,"featured_media":0,"parent":0,"menu_order":0,"comment_status":"closed","ping_status":"closed","template":"","meta":{"footnotes":""},"class_list":["post-1888","page","type-page","status-publish","hentry"],"yoast_head":"<!-- This site is optimized with the Yoast SEO plugin v21.9 - https:\/\/yoast.com\/wordpress\/plugins\/seo\/ -->\n<title>Contact - A2<\/title>\n<meta name=\"robots\" content=\"index, follow, max-snippet:-1, max-image-preview:large, max-video-preview:-1\" \/>\n<link rel=\"canonical\" href=\"https:\/\/a2x.mx\/en\/contact\/\" \/>\n<meta property=\"og:locale\" content=\"en_US\" \/>\n<meta property=\"og:type\" content=\"article\" \/>\n<meta property=\"og:title\" content=\"Contact - A2\" \/>\n<meta property=\"og:description\" content=\"LOCATIONS PESQUER\u00cdA Camino a la loma #1200, Col. Ladrillera, Pesquer\u00eda, Nuevo Le\u00f3n. C.P. 66650 NUEVO LAREDO Libramiento Mex II, km #2, Col. Guerrero III,Nuevo Laredo, Tamaulipas. C.P. 88176. ALTAMIRA Calle C-1 #100, Fraccionamiento Fimex,Altamira, Tamaulipas. C.P. 896003 We solve your transportation problems, request a quote. Request a quote.\" \/>\n<meta property=\"og:url\" content=\"https:\/\/a2x.mx\/en\/contact\/\" \/>\n<meta property=\"og:site_name\" content=\"A2\" \/>\n<meta property=\"article:modified_time\" content=\"2025-09-22T23:22:47+00:00\" \/>\n<meta property=\"og:image\" content=\"https:\/\/a2x.mx\/wp-content\/uploads\/2025\/09\/pesqueria.jpg\" \/>\n<meta name=\"twitter:card\" content=\"summary_large_image\" \/>\n<meta name=\"twitter:label1\" content=\"Est. reading time\" \/>\n\t<meta name=\"twitter:data1\" content=\"1 minute\" \/>\n<script type=\"application\/ld+json\" class=\"yoast-schema-graph\">{\"@context\":\"https:\/\/schema.org\",\"@graph\":[{\"@type\":\"WebPage\",\"@id\":\"https:\/\/a2x.mx\/en\/contact\/\",\"url\":\"https:\/\/a2x.mx\/en\/contact\/\",\"name\":\"Contact - A2\",\"isPartOf\":{\"@id\":\"https:\/\/a2x.mx\/en\/#website\"},\"datePublished\":\"2022-06-20T06:39:01+00:00\",\"dateModified\":\"2025-09-22T23:22:47+00:00\",\"breadcrumb\":{\"@id\":\"https:\/\/a2x.mx\/en\/contact\/#breadcrumb\"},\"inLanguage\":\"en-US\",\"potentialAction\":[{\"@type\":\"ReadAction\",\"target\":[\"https:\/\/a2x.mx\/en\/contact\/\"]}]},{\"@type\":\"BreadcrumbList\",\"@id\":\"https:\/\/a2x.mx\/en\/contact\/#breadcrumb\",\"itemListElement\":[{\"@type\":\"ListItem\",\"position\":1,\"name\":\"Portada\",\"item\":\"https:\/\/a2x.mx\/en\/home\/\"},{\"@type\":\"ListItem\",\"position\":2,\"name\":\"Contact\"}]},{\"@type\":\"WebSite\",\"@id\":\"https:\/\/a2x.mx\/en\/#website\",\"url\":\"https:\/\/a2x.mx\/en\/\",\"name\":\"A2X\",\"description\":\"\",\"publisher\":{\"@id\":\"https:\/\/a2x.mx\/en\/#organization\"},\"potentialAction\":[{\"@type\":\"SearchAction\",\"target\":{\"@type\":\"EntryPoint\",\"urlTemplate\":\"https:\/\/a2x.mx\/en\/?s={search_term_string}\"},\"query-input\":\"required name=search_term_string\"}],\"inLanguage\":\"en-US\"},{\"@type\":\"Organization\",\"@id\":\"https:\/\/a2x.mx\/en\/#organization\",\"name\":\"A2X\",\"alternateName\":\"A2 Express\",\"url\":\"https:\/\/a2x.mx\/en\/\",\"logo\":{\"@type\":\"ImageObject\",\"inLanguage\":\"en-US\",\"@id\":\"https:\/\/a2x.mx\/en\/#\/schema\/logo\/image\/\",\"url\":\"https:\/\/a2x.mx\/wp-content\/uploads\/2024\/04\/a2x-logo.jpg\",\"contentUrl\":\"https:\/\/a2x.mx\/wp-content\/uploads\/2024\/04\/a2x-logo.jpg\",\"width\":173,\"height\":138,\"caption\":\"A2X\"},\"image\":{\"@id\":\"https:\/\/a2x.mx\/en\/#\/schema\/logo\/image\/\"}}]}<\/script>\n<!-- \/ Yoast SEO plugin. -->","yoast_head_json":{"title":"Contact - A2","robots":{"index":"index","follow":"follow","max-snippet":"max-snippet:-1","max-image-preview":"max-image-preview:large","max-video-preview":"max-video-preview:-1"},"canonical":"https:\/\/a2x.mx\/en\/contact\/","og_locale":"en_US","og_type":"article","og_title":"Contact - A2","og_description":"LOCATIONS PESQUER\u00cdA Camino a la loma #1200, Col. Ladrillera, Pesquer\u00eda, Nuevo Le\u00f3n. C.P. 66650 NUEVO LAREDO Libramiento Mex II, km #2, Col. Guerrero III,Nuevo Laredo, Tamaulipas. C.P. 88176. ALTAMIRA Calle C-1 #100, Fraccionamiento Fimex,Altamira, Tamaulipas. C.P. 896003 We solve your transportation problems, request a quote. Request a quote.","og_url":"https:\/\/a2x.mx\/en\/contact\/","og_site_name":"A2","article_modified_time":"2025-09-22T23:22:47+00:00","og_image":[{"url":"https:\/\/a2x.mx\/wp-content\/uploads\/2025\/09\/pesqueria.jpg"}],"twitter_card":"summary_large_image","twitter_misc":{"Est. reading time":"1 minute"},"schema":{"@context":"https:\/\/schema.org","@graph":[{"@type":"WebPage","@id":"https:\/\/a2x.mx\/en\/contact\/","url":"https:\/\/a2x.mx\/en\/contact\/","name":"Contact - A2","isPartOf":{"@id":"https:\/\/a2x.mx\/en\/#website"},"datePublished":"2022-06-20T06:39:01+00:00","dateModified":"2025-09-22T23:22:47+00:00","breadcrumb":{"@id":"https:\/\/a2x.mx\/en\/contact\/#breadcrumb"},"inLanguage":"en-US","potentialAction":[{"@type":"ReadAction","target":["https:\/\/a2x.mx\/en\/contact\/"]}]},{"@type":"BreadcrumbList","@id":"https:\/\/a2x.mx\/en\/contact\/#breadcrumb","itemListElement":[{"@type":"ListItem","position":1,"name":"Portada","item":"https:\/\/a2x.mx\/en\/home\/"},{"@type":"ListItem","position":2,"name":"Contact"}]},{"@type":"WebSite","@id":"https:\/\/a2x.mx\/en\/#website","url":"https:\/\/a2x.mx\/en\/","name":"A2X","description":"","publisher":{"@id":"https:\/\/a2x.mx\/en\/#organization"},"potentialAction":[{"@type":"SearchAction","target":{"@type":"EntryPoint","urlTemplate":"https:\/\/a2x.mx\/en\/?s={search_term_string}"},"query-input":"required name=search_term_string"}],"inLanguage":"en-US"},{"@type":"Organization","@id":"https:\/\/a2x.mx\/en\/#organization","name":"A2X","alternateName":"A2 Express","url":"https:\/\/a2x.mx\/en\/","logo":{"@type":"ImageObject","inLanguage":"en-US","@id":"https:\/\/a2x.mx\/en\/#\/schema\/logo\/image\/","url":"https:\/\/a2x.mx\/wp-content\/uploads\/2024\/04\/a2x-logo.jpg","contentUrl":"https:\/\/a2x.mx\/wp-content\/uploads\/2024\/04\/a2x-logo.jpg","width":173,"height":138,"caption":"A2X"},"image":{"@id":"https:\/\/a2x.mx\/en\/#\/schema\/logo\/image\/"}}]}},"_links":{"self":[{"href":"https:\/\/a2x.mx\/en\/wp-json\/wp\/v2\/pages\/1888","targetHints":{"allow":["GET"]}}],"collection":[{"href":"https:\/\/a2x.mx\/en\/wp-json\/wp\/v2\/pages"}],"about":[{"href":"https:\/\/a2x.mx\/en\/wp-json\/wp\/v2\/types\/page"}],"author":[{"embeddable":true,"href":"https:\/\/a2x.mx\/en\/wp-json\/wp\/v2\/users\/1"}],"replies":[{"embeddable":true,"href":"https:\/\/a2x.mx\/en\/wp-json\/wp\/v2\/comments?post=1888"}],"version-history":[{"count":6,"href":"https:\/\/a2x.mx\/en\/wp-json\/wp\/v2\/pages\/1888\/revisions"}],"predecessor-version":[{"id":2259,"href":"https:\/\/a2x.mx\/en\/wp-json\/wp\/v2\/pages\/1888\/revisions\/2259"}],"wp:attachment":[{"href":"https:\/\/a2x.mx\/en\/wp-json\/wp\/v2\/media?parent=1888"}],"curies":[{"name":"wp","href":"https:\/\/api.w.org\/{rel}","templated":true}]}}